{"id":2558,"date":"2021-10-26T12:18:01","date_gmt":"2021-10-26T10:18:01","guid":{"rendered":"https:\/\/ventmoto.digimedia.it\/prodotto\/giacca-vent\/"},"modified":"2022-04-07T12:30:35","modified_gmt":"2022-04-07T10:30:35","slug":"blouson-vent","status":"publish","type":"product","link":"https:\/\/ventmoto.it\/fr\/prodotto\/blouson-vent\/","title":{"rendered":"Blouson Vent"},"content":{"rendered":"","protected":false},"excerpt":{"rendered":"<p>Veste \u00e0 capuche Vent&rsquo;s, technique et super confortable, con\u00e7ue pour prot\u00e9ger de la pluie, du vent et des basses temp\u00e9ratures.<\/p>\n","protected":false},"featured_media":2559,"template":"","meta":{"_acf_changed":false},"product_brand":[],"product_cat":[66,102],"product_tag":[],"class_list":{"0":"post-2558","1":"product","2":"type-product","3":"status-publish","4":"has-post-thumbnail","6":"product_cat-tous-les-produits","7":"product_cat-pulls-molletonnes","9":"first","10":"instock","11":"shipping-taxable","12":"purchasable","13":"product-type-variable"},"acf":[],"yoast_head":"<!-- This site is optimized with the Yoast SEO plugin v27.4 - https:\/\/yoast.com\/product\/yoast-seo-wordpress\/ -->\n<title>Blouson Vent - VENT MOTO Srl<\/title>\n<meta name=\"robots\" content=\"index, follow, max-snippet:-1, max-image-preview:large, max-video-preview:-1\" \/>\n<link rel=\"canonical\" href=\"https:\/\/ventmoto.it\/fr\/prodotto\/blouson-vent\/\" \/>\n<meta property=\"og:locale\" content=\"fr_FR\" \/>\n<meta property=\"og:type\" content=\"article\" \/>\n<meta property=\"og:title\" content=\"Blouson Vent - VENT MOTO Srl\" \/>\n<meta property=\"og:description\" content=\"Veste \u00e0 capuche Vent&#039;s, technique et super confortable, con\u00e7ue pour prot\u00e9ger de la pluie, du vent et des basses temp\u00e9ratures.\" \/>\n<meta property=\"og:url\" content=\"https:\/\/ventmoto.it\/fr\/prodotto\/blouson-vent\/\" \/>\n<meta property=\"og:site_name\" content=\"VENT MOTO Srl\" \/>\n<meta property=\"article:modified_time\" content=\"2022-04-07T10:30:35+00:00\" \/>\n<meta property=\"og:image\" content=\"https:\/\/ventmoto.it\/wp-content\/uploads\/2021\/10\/VENT-MOTO-Giacca-VENT.jpg\" \/>\n\t<meta property=\"og:image:width\" content=\"800\" \/>\n\t<meta property=\"og:image:height\" content=\"800\" \/>\n\t<meta property=\"og:image:type\" content=\"image\/jpeg\" \/>\n<meta name=\"twitter:card\" content=\"summary_large_image\" \/>\n<script type=\"application\/ld+json\" class=\"yoast-schema-graph\">{\"@context\":\"https:\\\/\\\/schema.org\",\"@graph\":[{\"@type\":\"WebPage\",\"@id\":\"https:\\\/\\\/ventmoto.it\\\/fr\\\/prodotto\\\/blouson-vent\\\/\",\"url\":\"https:\\\/\\\/ventmoto.it\\\/fr\\\/prodotto\\\/blouson-vent\\\/\",\"name\":\"Blouson Vent - VENT MOTO Srl\",\"isPartOf\":{\"@id\":\"https:\\\/\\\/ventmoto.it\\\/#website\"},\"primaryImageOfPage\":{\"@id\":\"https:\\\/\\\/ventmoto.it\\\/fr\\\/prodotto\\\/blouson-vent\\\/#primaryimage\"},\"image\":{\"@id\":\"https:\\\/\\\/ventmoto.it\\\/fr\\\/prodotto\\\/blouson-vent\\\/#primaryimage\"},\"thumbnailUrl\":\"https:\\\/\\\/ventmoto.it\\\/wp-content\\\/uploads\\\/2021\\\/10\\\/VENT-MOTO-Giacca-VENT.jpg\",\"datePublished\":\"2021-10-26T10:18:01+00:00\",\"dateModified\":\"2022-04-07T10:30:35+00:00\",\"breadcrumb\":{\"@id\":\"https:\\\/\\\/ventmoto.it\\\/fr\\\/prodotto\\\/blouson-vent\\\/#breadcrumb\"},\"inLanguage\":\"fr-FR\",\"potentialAction\":[{\"@type\":\"ReadAction\",\"target\":[\"https:\\\/\\\/ventmoto.it\\\/fr\\\/prodotto\\\/blouson-vent\\\/\"]}]},{\"@type\":\"ImageObject\",\"inLanguage\":\"fr-FR\",\"@id\":\"https:\\\/\\\/ventmoto.it\\\/fr\\\/prodotto\\\/blouson-vent\\\/#primaryimage\",\"url\":\"https:\\\/\\\/ventmoto.it\\\/wp-content\\\/uploads\\\/2021\\\/10\\\/VENT-MOTO-Giacca-VENT.jpg\",\"contentUrl\":\"https:\\\/\\\/ventmoto.it\\\/wp-content\\\/uploads\\\/2021\\\/10\\\/VENT-MOTO-Giacca-VENT.jpg\",\"width\":800,\"height\":800},{\"@type\":\"BreadcrumbList\",\"@id\":\"https:\\\/\\\/ventmoto.it\\\/fr\\\/prodotto\\\/blouson-vent\\\/#breadcrumb\",\"itemListElement\":[{\"@type\":\"ListItem\",\"position\":1,\"name\":\"Home\",\"item\":\"https:\\\/\\\/ventmoto.it\\\/fr\\\/\"},{\"@type\":\"ListItem\",\"position\":2,\"name\":\"Shop\",\"item\":\"https:\\\/\\\/ventmoto.it\\\/fr\\\/shop\\\/\"},{\"@type\":\"ListItem\",\"position\":3,\"name\":\"Blouson Vent\"}]},{\"@type\":\"WebSite\",\"@id\":\"https:\\\/\\\/ventmoto.it\\\/#website\",\"url\":\"https:\\\/\\\/ventmoto.it\\\/\",\"name\":\"VENT MOTO Srl\",\"description\":\"Moto da Enduro e Motard made in Italy\",\"potentialAction\":[{\"@type\":\"SearchAction\",\"target\":{\"@type\":\"EntryPoint\",\"urlTemplate\":\"https:\\\/\\\/ventmoto.it\\\/?s={search_term_string}\"},\"query-input\":{\"@type\":\"PropertyValueSpecification\",\"valueRequired\":true,\"valueName\":\"search_term_string\"}}],\"inLanguage\":\"fr-FR\"}]}<\/script>\n<!-- \/ Yoast SEO plugin. -->","yoast_head_json":{"title":"Blouson Vent - VENT MOTO Srl","robots":{"index":"index","follow":"follow","max-snippet":"max-snippet:-1","max-image-preview":"max-image-preview:large","max-video-preview":"max-video-preview:-1"},"canonical":"https:\/\/ventmoto.it\/fr\/prodotto\/blouson-vent\/","og_locale":"fr_FR","og_type":"article","og_title":"Blouson Vent - VENT MOTO Srl","og_description":"Veste \u00e0 capuche Vent's, technique et super confortable, con\u00e7ue pour prot\u00e9ger de la pluie, du vent et des basses temp\u00e9ratures.","og_url":"https:\/\/ventmoto.it\/fr\/prodotto\/blouson-vent\/","og_site_name":"VENT MOTO Srl","article_modified_time":"2022-04-07T10:30:35+00:00","og_image":[{"width":800,"height":800,"url":"https:\/\/ventmoto.it\/wp-content\/uploads\/2021\/10\/VENT-MOTO-Giacca-VENT.jpg","type":"image\/jpeg"}],"twitter_card":"summary_large_image","schema":{"@context":"https:\/\/schema.org","@graph":[{"@type":"WebPage","@id":"https:\/\/ventmoto.it\/fr\/prodotto\/blouson-vent\/","url":"https:\/\/ventmoto.it\/fr\/prodotto\/blouson-vent\/","name":"Blouson Vent - VENT MOTO Srl","isPartOf":{"@id":"https:\/\/ventmoto.it\/#website"},"primaryImageOfPage":{"@id":"https:\/\/ventmoto.it\/fr\/prodotto\/blouson-vent\/#primaryimage"},"image":{"@id":"https:\/\/ventmoto.it\/fr\/prodotto\/blouson-vent\/#primaryimage"},"thumbnailUrl":"https:\/\/ventmoto.it\/wp-content\/uploads\/2021\/10\/VENT-MOTO-Giacca-VENT.jpg","datePublished":"2021-10-26T10:18:01+00:00","dateModified":"2022-04-07T10:30:35+00:00","breadcrumb":{"@id":"https:\/\/ventmoto.it\/fr\/prodotto\/blouson-vent\/#breadcrumb"},"inLanguage":"fr-FR","potentialAction":[{"@type":"ReadAction","target":["https:\/\/ventmoto.it\/fr\/prodotto\/blouson-vent\/"]}]},{"@type":"ImageObject","inLanguage":"fr-FR","@id":"https:\/\/ventmoto.it\/fr\/prodotto\/blouson-vent\/#primaryimage","url":"https:\/\/ventmoto.it\/wp-content\/uploads\/2021\/10\/VENT-MOTO-Giacca-VENT.jpg","contentUrl":"https:\/\/ventmoto.it\/wp-content\/uploads\/2021\/10\/VENT-MOTO-Giacca-VENT.jpg","width":800,"height":800},{"@type":"BreadcrumbList","@id":"https:\/\/ventmoto.it\/fr\/prodotto\/blouson-vent\/#breadcrumb","itemListElement":[{"@type":"ListItem","position":1,"name":"Home","item":"https:\/\/ventmoto.it\/fr\/"},{"@type":"ListItem","position":2,"name":"Shop","item":"https:\/\/ventmoto.it\/fr\/shop\/"},{"@type":"ListItem","position":3,"name":"Blouson Vent"}]},{"@type":"WebSite","@id":"https:\/\/ventmoto.it\/#website","url":"https:\/\/ventmoto.it\/","name":"VENT MOTO Srl","description":"Moto da Enduro e Motard made in Italy","potentialAction":[{"@type":"SearchAction","target":{"@type":"EntryPoint","urlTemplate":"https:\/\/ventmoto.it\/?s={search_term_string}"},"query-input":{"@type":"PropertyValueSpecification","valueRequired":true,"valueName":"search_term_string"}}],"inLanguage":"fr-FR"}]}},"_links":{"self":[{"href":"https:\/\/ventmoto.it\/fr\/wp-json\/wp\/v2\/product\/2558","targetHints":{"allow":["GET"]}}],"collection":[{"href":"https:\/\/ventmoto.it\/fr\/wp-json\/wp\/v2\/product"}],"about":[{"href":"https:\/\/ventmoto.it\/fr\/wp-json\/wp\/v2\/types\/product"}],"wp:featuredmedia":[{"embeddable":true,"href":"https:\/\/ventmoto.it\/fr\/wp-json\/wp\/v2\/media\/2559"}],"wp:attachment":[{"href":"https:\/\/ventmoto.it\/fr\/wp-json\/wp\/v2\/media?parent=2558"}],"wp:term":[{"taxonomy":"product_brand","embeddable":true,"href":"https:\/\/ventmoto.it\/fr\/wp-json\/wp\/v2\/product_brand?post=2558"},{"taxonomy":"product_cat","embeddable":true,"href":"https:\/\/ventmoto.it\/fr\/wp-json\/wp\/v2\/product_cat?post=2558"},{"taxonomy":"product_tag","embeddable":true,"href":"https:\/\/ventmoto.it\/fr\/wp-json\/wp\/v2\/product_tag?post=2558"}],"curies":[{"name":"wp","href":"https:\/\/api.w.org\/{rel}","templated":true}]}}