{"id":2622,"date":"2021-10-26T12:35:20","date_gmt":"2021-10-26T10:35:20","guid":{"rendered":"https:\/\/ventmoto.digimedia.it\/prodotto\/pantalone-vent-freeride-tecnico-corto\/"},"modified":"2022-04-11T10:13:59","modified_gmt":"2022-04-11T08:13:59","slug":"pantalon-technique-court-freeride-vent","status":"publish","type":"product","link":"https:\/\/ventmoto.it\/fr\/prodotto\/pantalon-technique-court-freeride-vent\/","title":{"rendered":"Pantalon Technique Court \u00ab\u00a0Freeride\u00a0\u00bb VENT"},"content":{"rendered":"","protected":false},"excerpt":{"rendered":"<p>Le pantalon court Vent, super technique et confortable, adapt\u00e9 \u00e0 toute activit\u00e9.<\/p>\n","protected":false},"featured_media":3989,"template":"","meta":{"_acf_changed":false},"product_brand":[],"product_cat":[66,108],"product_tag":[],"class_list":{"0":"post-2622","1":"product","2":"type-product","3":"status-publish","4":"has-post-thumbnail","6":"product_cat-tous-les-produits","7":"product_cat-pantalons","9":"first","10":"outofstock","11":"shipping-taxable","12":"purchasable","13":"product-type-variable"},"acf":[],"yoast_head":"<!-- This site is optimized with the Yoast SEO plugin v27.0 - https:\/\/yoast.com\/product\/yoast-seo-wordpress\/ -->\n<title>Pantalon Technique Court &quot;Freeride&quot; VENT - VENT MOTO Srl<\/title>\n<meta name=\"robots\" content=\"index, follow, max-snippet:-1, max-image-preview:large, max-video-preview:-1\" \/>\n<link rel=\"canonical\" href=\"https:\/\/ventmoto.it\/fr\/prodotto\/pantalon-technique-court-freeride-vent\/\" \/>\n<meta property=\"og:locale\" content=\"fr_FR\" \/>\n<meta property=\"og:type\" content=\"article\" \/>\n<meta property=\"og:title\" content=\"Pantalon Technique Court &quot;Freeride&quot; VENT - VENT MOTO Srl\" \/>\n<meta property=\"og:description\" content=\"Le pantalon court Vent, super technique et confortable, adapt\u00e9 \u00e0 toute activit\u00e9.\" \/>\n<meta property=\"og:url\" content=\"https:\/\/ventmoto.it\/fr\/prodotto\/pantalon-technique-court-freeride-vent\/\" \/>\n<meta property=\"og:site_name\" content=\"VENT MOTO Srl\" \/>\n<meta property=\"article:modified_time\" content=\"2022-04-11T08:13:59+00:00\" \/>\n<meta property=\"og:image\" content=\"https:\/\/ventmoto.it\/wp-content\/uploads\/2021\/10\/Pantalone-Vent-freeride-tecnico-corto-01.jpg\" \/>\n\t<meta property=\"og:image:width\" content=\"800\" \/>\n\t<meta property=\"og:image:height\" content=\"800\" \/>\n\t<meta property=\"og:image:type\" content=\"image\/jpeg\" \/>\n<meta name=\"twitter:card\" content=\"summary_large_image\" \/>\n<script type=\"application\/ld+json\" class=\"yoast-schema-graph\">{\"@context\":\"https:\/\/schema.org\",\"@graph\":[{\"@type\":\"WebPage\",\"@id\":\"https:\/\/ventmoto.it\/fr\/prodotto\/pantalon-technique-court-freeride-vent\/\",\"url\":\"https:\/\/ventmoto.it\/fr\/prodotto\/pantalon-technique-court-freeride-vent\/\",\"name\":\"Pantalon Technique Court \\\"Freeride\\\" VENT - VENT MOTO Srl\",\"isPartOf\":{\"@id\":\"https:\/\/ventmoto.it\/#website\"},\"primaryImageOfPage\":{\"@id\":\"https:\/\/ventmoto.it\/fr\/prodotto\/pantalon-technique-court-freeride-vent\/#primaryimage\"},\"image\":{\"@id\":\"https:\/\/ventmoto.it\/fr\/prodotto\/pantalon-technique-court-freeride-vent\/#primaryimage\"},\"thumbnailUrl\":\"https:\/\/ventmoto.it\/wp-content\/uploads\/2021\/10\/Pantalone-Vent-freeride-tecnico-corto-01.jpg\",\"datePublished\":\"2021-10-26T10:35:20+00:00\",\"dateModified\":\"2022-04-11T08:13:59+00:00\",\"breadcrumb\":{\"@id\":\"https:\/\/ventmoto.it\/fr\/prodotto\/pantalon-technique-court-freeride-vent\/#breadcrumb\"},\"inLanguage\":\"fr-FR\",\"potentialAction\":[{\"@type\":\"ReadAction\",\"target\":[\"https:\/\/ventmoto.it\/fr\/prodotto\/pantalon-technique-court-freeride-vent\/\"]}]},{\"@type\":\"ImageObject\",\"inLanguage\":\"fr-FR\",\"@id\":\"https:\/\/ventmoto.it\/fr\/prodotto\/pantalon-technique-court-freeride-vent\/#primaryimage\",\"url\":\"https:\/\/ventmoto.it\/wp-content\/uploads\/2021\/10\/Pantalone-Vent-freeride-tecnico-corto-01.jpg\",\"contentUrl\":\"https:\/\/ventmoto.it\/wp-content\/uploads\/2021\/10\/Pantalone-Vent-freeride-tecnico-corto-01.jpg\",\"width\":800,\"height\":800,\"caption\":\"Pantalone Vent freeride tecnico corto\"},{\"@type\":\"BreadcrumbList\",\"@id\":\"https:\/\/ventmoto.it\/fr\/prodotto\/pantalon-technique-court-freeride-vent\/#breadcrumb\",\"itemListElement\":[{\"@type\":\"ListItem\",\"position\":1,\"name\":\"Home\",\"item\":\"https:\/\/ventmoto.it\/fr\/\"},{\"@type\":\"ListItem\",\"position\":2,\"name\":\"Shop\",\"item\":\"https:\/\/ventmoto.it\/fr\/shop\/\"},{\"@type\":\"ListItem\",\"position\":3,\"name\":\"Pantalon Technique Court &#8220;Freeride&#8221; VENT\"}]},{\"@type\":\"WebSite\",\"@id\":\"https:\/\/ventmoto.it\/#website\",\"url\":\"https:\/\/ventmoto.it\/\",\"name\":\"VENT MOTO Srl\",\"description\":\"Moto da Enduro e Motard made in Italy\",\"potentialAction\":[{\"@type\":\"SearchAction\",\"target\":{\"@type\":\"EntryPoint\",\"urlTemplate\":\"https:\/\/ventmoto.it\/?s={search_term_string}\"},\"query-input\":{\"@type\":\"PropertyValueSpecification\",\"valueRequired\":true,\"valueName\":\"search_term_string\"}}],\"inLanguage\":\"fr-FR\"}]}<\/script>\n<!-- \/ Yoast SEO plugin. -->","yoast_head_json":{"title":"Pantalon Technique Court \"Freeride\" VENT - VENT MOTO Srl","robots":{"index":"index","follow":"follow","max-snippet":"max-snippet:-1","max-image-preview":"max-image-preview:large","max-video-preview":"max-video-preview:-1"},"canonical":"https:\/\/ventmoto.it\/fr\/prodotto\/pantalon-technique-court-freeride-vent\/","og_locale":"fr_FR","og_type":"article","og_title":"Pantalon Technique Court \"Freeride\" VENT - VENT MOTO Srl","og_description":"Le pantalon court Vent, super technique et confortable, adapt\u00e9 \u00e0 toute activit\u00e9.","og_url":"https:\/\/ventmoto.it\/fr\/prodotto\/pantalon-technique-court-freeride-vent\/","og_site_name":"VENT MOTO Srl","article_modified_time":"2022-04-11T08:13:59+00:00","og_image":[{"width":800,"height":800,"url":"https:\/\/ventmoto.it\/wp-content\/uploads\/2021\/10\/Pantalone-Vent-freeride-tecnico-corto-01.jpg","type":"image\/jpeg"}],"twitter_card":"summary_large_image","schema":{"@context":"https:\/\/schema.org","@graph":[{"@type":"WebPage","@id":"https:\/\/ventmoto.it\/fr\/prodotto\/pantalon-technique-court-freeride-vent\/","url":"https:\/\/ventmoto.it\/fr\/prodotto\/pantalon-technique-court-freeride-vent\/","name":"Pantalon Technique Court \"Freeride\" VENT - VENT MOTO Srl","isPartOf":{"@id":"https:\/\/ventmoto.it\/#website"},"primaryImageOfPage":{"@id":"https:\/\/ventmoto.it\/fr\/prodotto\/pantalon-technique-court-freeride-vent\/#primaryimage"},"image":{"@id":"https:\/\/ventmoto.it\/fr\/prodotto\/pantalon-technique-court-freeride-vent\/#primaryimage"},"thumbnailUrl":"https:\/\/ventmoto.it\/wp-content\/uploads\/2021\/10\/Pantalone-Vent-freeride-tecnico-corto-01.jpg","datePublished":"2021-10-26T10:35:20+00:00","dateModified":"2022-04-11T08:13:59+00:00","breadcrumb":{"@id":"https:\/\/ventmoto.it\/fr\/prodotto\/pantalon-technique-court-freeride-vent\/#breadcrumb"},"inLanguage":"fr-FR","potentialAction":[{"@type":"ReadAction","target":["https:\/\/ventmoto.it\/fr\/prodotto\/pantalon-technique-court-freeride-vent\/"]}]},{"@type":"ImageObject","inLanguage":"fr-FR","@id":"https:\/\/ventmoto.it\/fr\/prodotto\/pantalon-technique-court-freeride-vent\/#primaryimage","url":"https:\/\/ventmoto.it\/wp-content\/uploads\/2021\/10\/Pantalone-Vent-freeride-tecnico-corto-01.jpg","contentUrl":"https:\/\/ventmoto.it\/wp-content\/uploads\/2021\/10\/Pantalone-Vent-freeride-tecnico-corto-01.jpg","width":800,"height":800,"caption":"Pantalone Vent freeride tecnico corto"},{"@type":"BreadcrumbList","@id":"https:\/\/ventmoto.it\/fr\/prodotto\/pantalon-technique-court-freeride-vent\/#breadcrumb","itemListElement":[{"@type":"ListItem","position":1,"name":"Home","item":"https:\/\/ventmoto.it\/fr\/"},{"@type":"ListItem","position":2,"name":"Shop","item":"https:\/\/ventmoto.it\/fr\/shop\/"},{"@type":"ListItem","position":3,"name":"Pantalon Technique Court &#8220;Freeride&#8221; VENT"}]},{"@type":"WebSite","@id":"https:\/\/ventmoto.it\/#website","url":"https:\/\/ventmoto.it\/","name":"VENT MOTO Srl","description":"Moto da Enduro e Motard made in Italy","potentialAction":[{"@type":"SearchAction","target":{"@type":"EntryPoint","urlTemplate":"https:\/\/ventmoto.it\/?s={search_term_string}"},"query-input":{"@type":"PropertyValueSpecification","valueRequired":true,"valueName":"search_term_string"}}],"inLanguage":"fr-FR"}]}},"_links":{"self":[{"href":"https:\/\/ventmoto.it\/fr\/wp-json\/wp\/v2\/product\/2622","targetHints":{"allow":["GET"]}}],"collection":[{"href":"https:\/\/ventmoto.it\/fr\/wp-json\/wp\/v2\/product"}],"about":[{"href":"https:\/\/ventmoto.it\/fr\/wp-json\/wp\/v2\/types\/product"}],"wp:featuredmedia":[{"embeddable":true,"href":"https:\/\/ventmoto.it\/fr\/wp-json\/wp\/v2\/media\/3989"}],"wp:attachment":[{"href":"https:\/\/ventmoto.it\/fr\/wp-json\/wp\/v2\/media?parent=2622"}],"wp:term":[{"taxonomy":"product_brand","embeddable":true,"href":"https:\/\/ventmoto.it\/fr\/wp-json\/wp\/v2\/product_brand?post=2622"},{"taxonomy":"product_cat","embeddable":true,"href":"https:\/\/ventmoto.it\/fr\/wp-json\/wp\/v2\/product_cat?post=2622"},{"taxonomy":"product_tag","embeddable":true,"href":"https:\/\/ventmoto.it\/fr\/wp-json\/wp\/v2\/product_tag?post=2622"}],"curies":[{"name":"wp","href":"https:\/\/api.w.org\/{rel}","templated":true}]}}